{"id":2,"date":"2022-01-19T17:46:09","date_gmt":"2022-01-19T17:46:09","guid":{"rendered":"http:\/\/szociosokk.hu\/?page_id=2"},"modified":"2022-02-02T22:35:07","modified_gmt":"2022-02-02T22:35:07","slug":"ez-egy-minta-oldal","status":"publish","type":"page","link":"https:\/\/szociosokk.hu\/","title":{"rendered":"Tudnival\u00f3k"},"content":{"rendered":"\n<p>Tisztelt L\u00e1togat\u00f3!<\/p>\n\n\n\n<p>A blog c\u00edme nem v\u00e9letlen, Dante ut\u00e1n szabadon: &#8222;Ki itt bel\u00e9psz, hagyj fel minden rem\u00e9nnyel!&#8221;<\/p>\n\n\n\n<p>Ez a blog egy sz\u00fclet\u00e9snapi aj\u00e1nd\u00e9k: nekem. K\u00f6zreadom \u00e1ltala n\u00e9h\u00e1ny alkot\u00e1somat, gondolatomat abb\u00f3l a c\u00e9lb\u00f3l, hogy elgondolkoztasson, sz\u00f3rakoztasson, szemeket felnyisson. Amennyiben tetszenek a m\u0171veim \u00e9s hasznodra voltak, az nekem is \u00f6r\u00f6met okoz. Ha ellenszenvesek sz\u00e1modra, vagy nem \u00e9rtesz vel\u00fck egyet, azt is el tudom fogadni. V\u00e9lem\u00e9nyedet k\u00e9rlek kultur\u00e1lt m\u00f3don fogalmazd meg, a s\u00e9rt\u0151-b\u00e1nt\u00f3 megjegyz\u00e9seket t\u00f6rl\u00f6m!<\/p>\n\n\n\n<p>Tisztelettel:<\/p>\n\n\n\n<p>Tigyi J\u00e9gfarkas Bal\u00e1zs<\/p>\n\n\n\n<p><\/p>\n","protected":false},"excerpt":{"rendered":"<p>Tisztelt L\u00e1togat\u00f3! A blog c\u00edme nem v\u00e9letlen, Dante ut\u00e1n szabadon: &#8222;Ki itt bel\u00e9psz, hagyj fel minden rem\u00e9nnyel!&#8221; Ez a blog egy sz\u00fclet\u00e9snapi aj\u00e1nd\u00e9k: nekem. K\u00f6zreadom \u00e1ltala n\u00e9h\u00e1ny alkot\u00e1somat, gondolatomat abb\u00f3l a c\u00e9lb\u00f3l, hogy elgondolkoztasson, sz\u00f3rakoztasson, szemeket felnyisson. Amennyiben tetszenek a m\u0171veim \u00e9s hasznodra voltak, az nekem is \u00f6r\u00f6met okoz. Ha ellenszenvesek sz\u00e1modra, vagy nem \u00e9rtesz &hellip; <a href=\"https:\/\/szociosokk.hu\/\" class=\"more-link\"><span class=\"screen-reader-text\">Tudnival\u00f3k<\/span> r\u00e9szletei&#8230;<\/a><\/p>\n","protected":false},"author":1,"featured_media":0,"parent":0,"menu_order":0,"comment_status":"closed","ping_status":"open","template":"","meta":{"footnotes":""},"class_list":["post-2","page","type-page","status-publish","hentry"],"_links":{"self":[{"href":"https:\/\/szociosokk.hu\/index.php?rest_route=\/wp\/v2\/pages\/2","targetHints":{"allow":["GET"]}}],"collection":[{"href":"https:\/\/szociosokk.hu\/index.php?rest_route=\/wp\/v2\/pages"}],"about":[{"href":"https:\/\/szociosokk.hu\/index.php?rest_route=\/wp\/v2\/types\/page"}],"author":[{"embeddable":true,"href":"https:\/\/szociosokk.hu\/index.php?rest_route=\/wp\/v2\/users\/1"}],"replies":[{"embeddable":true,"href":"https:\/\/szociosokk.hu\/index.php?rest_route=%2Fwp%2Fv2%2Fcomments&post=2"}],"version-history":[{"count":4,"href":"https:\/\/szociosokk.hu\/index.php?rest_route=\/wp\/v2\/pages\/2\/revisions"}],"predecessor-version":[{"id":158,"href":"https:\/\/szociosokk.hu\/index.php?rest_route=\/wp\/v2\/pages\/2\/revisions\/158"}],"wp:attachment":[{"href":"https:\/\/szociosokk.hu\/index.php?rest_route=%2Fwp%2Fv2%2Fmedia&parent=2"}],"curies":[{"name":"wp","href":"https:\/\/api.w.org\/{rel}","templated":true}]}}